{"id":8100,"date":"2021-04-19T16:36:36","date_gmt":"2021-04-19T14:36:36","guid":{"rendered":"https:\/\/92.204.209.17\/imprint\/"},"modified":"2025-09-25T10:20:32","modified_gmt":"2025-09-25T08:20:32","slug":"imprint","status":"publish","type":"page","link":"https:\/\/bofestconsult.com\/en\/imprint\/","title":{"rendered":"Imprint"},"content":{"rendered":"\t\t<div data-elementor-type=\"wp-page\" data-elementor-id=\"8100\" class=\"elementor elementor-8100 elementor-162\" data-elementor-post-type=\"page\">\n\t\t\t\t\t\t<section class=\"elementor-section elementor-top-section elementor-element elementor-element-bb4b5a0 elementor-section-height-min-height elementor-section-items-top elementor-section-boxed elementor-section-height-default\" data-id=\"bb4b5a0\" data-element_type=\"section\" data-e-type=\"section\" data-settings=\"{&quot;background_background&quot;:&quot;classic&quot;}\">\n\t\t\t\t\t\t<div class=\"elementor-container elementor-column-gap-no\">\n\t\t\t\t\t<div class=\"elementor-column elementor-col-100 elementor-top-column elementor-element elementor-element-ba19505\" data-id=\"ba19505\" data-element_type=\"column\" data-e-type=\"column\">\n\t\t\t<div class=\"elementor-widget-wrap elementor-element-populated\">\n\t\t\t\t\t\t<div class=\"elementor-element elementor-element-70ba1e9 elementor-widget elementor-widget-heading\" data-id=\"70ba1e9\" data-element_type=\"widget\" data-e-type=\"widget\" data-widget_type=\"heading.default\">\n\t\t\t\t<div class=\"elementor-widget-container\">\n\t\t\t\t\t<h4 class=\"elementor-heading-title elementor-size-default\">Company information.<\/h4>\t\t\t\t<\/div>\n\t\t\t\t<\/div>\n\t\t\t\t<div class=\"elementor-element elementor-element-c787396 elementor-widget elementor-widget-heading\" data-id=\"c787396\" data-element_type=\"widget\" data-e-type=\"widget\" data-widget_type=\"heading.default\">\n\t\t\t\t<div class=\"elementor-widget-container\">\n\t\t\t\t\t<h6 class=\"elementor-heading-title elementor-size-default\">Imprint \u2013 bofest consult GmbH<\/h6>\t\t\t\t<\/div>\n\t\t\t\t<\/div>\n\t\t\t\t\t<\/div>\n\t\t<\/div>\n\t\t\t\t\t<\/div>\n\t\t<\/section>\n\t\t\t\t<section class=\"elementor-section elementor-top-section elementor-element elementor-element-a3f1c89 elementor-section-boxed elementor-section-height-default elementor-section-height-default\" data-id=\"a3f1c89\" data-element_type=\"section\" data-e-type=\"section\" data-settings=\"{&quot;background_background&quot;:&quot;classic&quot;}\">\n\t\t\t\t\t\t<div class=\"elementor-container elementor-column-gap-default\">\n\t\t\t\t\t<div class=\"elementor-column elementor-col-20 elementor-top-column elementor-element elementor-element-90ec004\" data-id=\"90ec004\" data-element_type=\"column\" data-e-type=\"column\">\n\t\t\t<div class=\"elementor-widget-wrap elementor-element-populated\">\n\t\t\t\t\t\t<div class=\"elementor-element elementor-element-4da1330 elementor-widget elementor-widget-text-editor\" data-id=\"4da1330\" data-element_type=\"widget\" data-e-type=\"widget\" data-widget_type=\"text-editor.default\">\n\t\t\t\t<div class=\"elementor-widget-container\">\n\t\t\t\t\t\t\t\t\t<h5><strong>Company<\/strong><\/h5><p>bofest consult GmbH<br \/>Commercial register number: HRB 44295<br \/>District Court of D\u00fcsseldorf<br \/>VAT ID: DE212735287<\/p>\t\t\t\t\t\t\t\t<\/div>\n\t\t\t\t<\/div>\n\t\t\t\t\t<\/div>\n\t\t<\/div>\n\t\t\t\t<div class=\"elementor-column elementor-col-20 elementor-top-column elementor-element elementor-element-62a0c2a\" data-id=\"62a0c2a\" data-element_type=\"column\" data-e-type=\"column\">\n\t\t\t<div class=\"elementor-widget-wrap elementor-element-populated\">\n\t\t\t\t\t\t<div class=\"elementor-element elementor-element-381ccd9 elementor-widget elementor-widget-text-editor\" data-id=\"381ccd9\" data-element_type=\"widget\" data-e-type=\"widget\" data-widget_type=\"text-editor.default\">\n\t\t\t\t<div class=\"elementor-widget-container\">\n\t\t\t\t\t\t\t\t\t<h5><strong>Managing Directors<\/strong><\/h5><p>Dr.-Ing. Dana Yma Faulenbach<br \/>Christoph Kloidt<br \/>Jan Pohl<br \/>Dr. Benedikt Dahlmann<\/p>\t\t\t\t\t\t\t\t<\/div>\n\t\t\t\t<\/div>\n\t\t\t\t\t<\/div>\n\t\t<\/div>\n\t\t\t\t<div class=\"elementor-column elementor-col-20 elementor-top-column elementor-element elementor-element-5472354\" data-id=\"5472354\" data-element_type=\"column\" data-e-type=\"column\">\n\t\t\t<div class=\"elementor-widget-wrap elementor-element-populated\">\n\t\t\t\t\t\t<div class=\"elementor-element elementor-element-4b01f0e elementor-widget elementor-widget-text-editor\" data-id=\"4b01f0e\" data-element_type=\"widget\" data-e-type=\"widget\" data-widget_type=\"text-editor.default\">\n\t\t\t\t<div class=\"elementor-widget-container\">\n\t\t\t\t\t\t\t\t\t<h5><b>D\u00fcsseldorf headquarters<\/b><\/h5>\n<p>Peter-M\u00fcller-Stra\u00dfe 26<br>40468 D\u00fcsseldorf, Germany<br>Phone: +49 (0) 211 \u2022 545 591 70<br>Fax: +49 (0) 2102 \u2022 770 89 20<br>Email:&nbsp;&nbsp;<a href=\"mailto:info@bofestconsult.com\">info@bofestconsult.com<\/a><\/p>\t\t\t\t\t\t\t\t<\/div>\n\t\t\t\t<\/div>\n\t\t\t\t\t<\/div>\n\t\t<\/div>\n\t\t\t\t<div class=\"elementor-column elementor-col-20 elementor-top-column elementor-element elementor-element-e5b293a\" data-id=\"e5b293a\" data-element_type=\"column\" data-e-type=\"column\">\n\t\t\t<div class=\"elementor-widget-wrap elementor-element-populated\">\n\t\t\t\t\t\t<div class=\"elementor-element elementor-element-b84dced elementor-widget__width-initial elementor-widget elementor-widget-text-editor\" data-id=\"b84dced\" data-element_type=\"widget\" data-e-type=\"widget\" data-widget_type=\"text-editor.default\">\n\t\t\t\t<div class=\"elementor-widget-container\">\n\t\t\t\t\t\t\t\t\t<h5><b>Berlin<\/b> <b>branch<\/b><\/h5>\n<p>Schl\u00fcterstra\u00dfe 39<br>D-10629 Berlin, Germany<br>Phone: +49 (0) 30 \u2022 206 295 15 0<br>Fax: +49 (0) 30 \u2022 206 295 15 1<\/p>\t\t\t\t\t\t\t\t<\/div>\n\t\t\t\t<\/div>\n\t\t\t\t\t<\/div>\n\t\t<\/div>\n\t\t\t\t<div class=\"elementor-column elementor-col-20 elementor-top-column elementor-element elementor-element-3447d10\" data-id=\"3447d10\" data-element_type=\"column\" data-e-type=\"column\">\n\t\t\t<div class=\"elementor-widget-wrap elementor-element-populated\">\n\t\t\t\t\t\t<div class=\"elementor-element elementor-element-66f85f0 elementor-widget elementor-widget-text-editor\" data-id=\"66f85f0\" data-element_type=\"widget\" data-e-type=\"widget\" data-widget_type=\"text-editor.default\">\n\t\t\t\t<div class=\"elementor-widget-container\">\n\t\t\t\t\t\t\t\t\t<h5><b>Bremen branch<\/b><\/h5><p>Am Winterhafen 3a<br \/>28217 Bremen, Germany<br \/>Phone: +49 (0) 421 \u2022 957 00 58 0<br \/>Fax: +49 (0) 421 \u2022 957 00 58 1<\/p>\t\t\t\t\t\t\t\t<\/div>\n\t\t\t\t<\/div>\n\t\t\t\t\t<\/div>\n\t\t<\/div>\n\t\t\t\t\t<\/div>\n\t\t<\/section>\n\t\t\t\t<section class=\"elementor-section elementor-top-section elementor-element elementor-element-1054c29 elementor-section-height-min-height elementor-section-boxed elementor-section-height-default elementor-section-items-middle\" data-id=\"1054c29\" data-element_type=\"section\" data-e-type=\"section\" data-settings=\"{&quot;background_background&quot;:&quot;classic&quot;}\">\n\t\t\t\t\t\t<div class=\"elementor-container elementor-column-gap-default\">\n\t\t\t\t\t<div class=\"elementor-column elementor-col-100 elementor-top-column elementor-element elementor-element-a802bdb\" data-id=\"a802bdb\" data-element_type=\"column\" data-e-type=\"column\">\n\t\t\t<div class=\"elementor-widget-wrap elementor-element-populated\">\n\t\t\t\t\t\t<div class=\"elementor-element elementor-element-45ea984 elementor-widget elementor-widget-text-editor\" data-id=\"45ea984\" data-element_type=\"widget\" data-e-type=\"widget\" data-widget_type=\"text-editor.default\">\n\t\t\t\t<div class=\"elementor-widget-container\">\n\t\t\t\t\t\t\t\t\t<div id=\"fws_60be22dc6c7fd\" class=\"wpb_row vc_row-fluid vc_row full-width-section standard_section \" data-midnight=\"dark\" data-bg-mobile-hidden=\"\"><div class=\"col span_12 dark left\"><div class=\"vc_col-sm-12 wpb_column column_container vc_column_container col padding-4-percent instance-5\" data-shadow=\"none\" data-border-animation=\"\" data-border-animation-delay=\"\" data-border-width=\"none\" data-border-style=\"solid\" data-border-color=\"\" data-bg-cover=\"\" data-padding-pos=\"all\" data-has-bg-color=\"false\" data-bg-color=\"\" data-bg-opacity=\"1\" data-hover-bg=\"\" data-hover-bg-opacity=\"1\" data-animation=\"\" data-delay=\"0\"><div class=\"vc_column-inner\"><div class=\"wpb_wrapper\"><div class=\"wpb_text_column wpb_content_element \"><div class=\"wpb_wrapper\"><h5>Terms of use and legal information.<\/h5><\/div><\/div><\/div><\/div><\/div><\/div><\/div><div id=\"fws_60be22dc6cc03\" class=\"wpb_row vc_row-fluid vc_row full-width-section standard_section \" data-midnight=\"dark\" data-bg-mobile-hidden=\"\"><div class=\"row-bg-wrap instance-3\"><div class=\"inner-wrap\"><div class=\"row-bg \" data-color_overlay=\"\" data-color_overlay_2=\"\" data-gradient_direction=\"\" data-overlay_strength=\"0.3\" data-enable_gradient=\"false\">\u00a0<\/div><\/div><\/div><div class=\"col span_12 dark left\"><div class=\"vc_col-sm-12 wpb_column column_container vc_column_container col padding-4-percent instance-6\" data-shadow=\"none\" data-border-animation=\"\" data-border-animation-delay=\"\" data-border-width=\"none\" data-border-style=\"solid\" data-border-color=\"\" data-bg-cover=\"\" data-padding-pos=\"all\" data-has-bg-color=\"false\" data-bg-color=\"\" data-bg-opacity=\"1\" data-hover-bg=\"\" data-hover-bg-opacity=\"1\" data-animation=\"\" data-delay=\"0\"><div class=\"vc_column-inner\"><div class=\"wpb_wrapper\"><div class=\"wpb_text_column wpb_content_element \"><div class=\"wpb_wrapper\"><h5><strong>Links<\/strong><\/h5><p>Where we provide a link to a third-party website, the authors of the website in question are solely responsible for its content. bofest consult GmbH accepts no responsibility for the correctness, currentness and lawfulness of external content (distancing from content). The user is responsible for the use of the content. If you have any suggestions or complaints regarding our list of links, please send them in an email to\u00a0<a href=\"mailto:info@bofestconsult.com\">info@bofestconsult.com<\/a>.<\/p><\/div><\/div><div class=\"wpb_text_column wpb_content_element \"><div class=\"wpb_wrapper\"><h5><strong>Copyright<\/strong><\/h5><p>All texts, graphics, images, terms and the web design are protected by copyright, unless expressly stated otherwise. The rights of third parties remain unaffected. With regard to symbols or names of third parties, the rights belong to the relevant owners. Copyright and trade mark infringements will be subject to civil and criminal sanctions. bofest consult GmbH assumes no liability of any kind for the content of this website. Use of this website, especially reproduction of the site or parts of it, requires our written approval.<\/p><\/div><\/div><\/div><\/div><\/div><\/div><\/div>\t\t\t\t\t\t\t\t<\/div>\n\t\t\t\t<\/div>\n\t\t\t\t\t<\/div>\n\t\t<\/div>\n\t\t\t\t\t<\/div>\n\t\t<\/section>\n\t\t\t\t<\/div>\n\t\t","protected":false},"excerpt":{"rendered":"<p>Company information. Imprint \u2013 bofest consult GmbH Company bofest consult GmbHCommercial register number: HRB 44295District Court of D\u00fcsseldorfVAT ID: DE212735287 Managing Directors Dr.-Ing. Dana Yma FaulenbachChristoph KloidtJan PohlDr. Benedikt Dahlmann D\u00fcsseldorf headquarters Peter-M\u00fcller-Stra\u00dfe 2640468 D\u00fcsseldorf, GermanyPhone: +49 (0) 211 \u2022 545 591 70Fax: +49 (0) 2102 \u2022 770 89 20Email:&nbsp;&nbsp;info@bofestconsult.com Berlin branch Schl\u00fcterstra\u00dfe 39D-10629 Berlin, [&hellip;]<\/p>\n","protected":false},"author":7,"featured_media":0,"parent":0,"menu_order":0,"comment_status":"closed","ping_status":"closed","template":"elementor_header_footer","meta":{"_acf_changed":false,"content-type":"","footnotes":""},"class_list":["post-8100","page","type-page","status-publish","hentry"],"acf":[],"yoast_head":"<!-- This site is optimized with the Yoast SEO plugin v27.3 - https:\/\/yoast.com\/product\/yoast-seo-wordpress\/ -->\n<title>Imprint - bofest consult<\/title>\n<meta name=\"robots\" content=\"index, follow, max-snippet:-1, max-image-preview:large, max-video-preview:-1\" \/>\n<link rel=\"canonical\" href=\"https:\/\/bofestconsult.com\/en\/imprint\/\" \/>\n<meta property=\"og:locale\" content=\"en_US\" \/>\n<meta property=\"og:type\" content=\"article\" \/>\n<meta property=\"og:title\" content=\"Imprint - bofest consult\" \/>\n<meta property=\"og:description\" content=\"Company information. Imprint \u2013 bofest consult GmbH Company bofest consult GmbHCommercial register number: HRB 44295District Court of D\u00fcsseldorfVAT ID: DE212735287 Managing Directors Dr.-Ing. Dana Yma FaulenbachChristoph KloidtJan PohlDr. Benedikt Dahlmann D\u00fcsseldorf headquarters Peter-M\u00fcller-Stra\u00dfe 2640468 D\u00fcsseldorf, GermanyPhone: +49 (0) 211 \u2022 545 591 70Fax: +49 (0) 2102 \u2022 770 89 20Email:&nbsp;&nbsp;info@bofestconsult.com Berlin branch Schl\u00fcterstra\u00dfe 39D-10629 Berlin, [&hellip;]\" \/>\n<meta property=\"og:url\" content=\"https:\/\/bofestconsult.com\/en\/imprint\/\" \/>\n<meta property=\"og:site_name\" content=\"bofest consult\" \/>\n<meta property=\"article:modified_time\" content=\"2025-09-25T08:20:32+00:00\" \/>\n<meta name=\"twitter:card\" content=\"summary_large_image\" \/>\n<meta name=\"twitter:label1\" content=\"Est. reading time\" \/>\n\t<meta name=\"twitter:data1\" content=\"2 minutes\" \/>\n<script type=\"application\/ld+json\" class=\"yoast-schema-graph\">{\"@context\":\"https:\\\/\\\/schema.org\",\"@graph\":[{\"@type\":\"WebPage\",\"@id\":\"https:\\\/\\\/bofestconsult.com\\\/en\\\/imprint\\\/\",\"url\":\"https:\\\/\\\/bofestconsult.com\\\/en\\\/imprint\\\/\",\"name\":\"Imprint - bofest consult\",\"isPartOf\":{\"@id\":\"https:\\\/\\\/bofestconsult.com\\\/en\\\/#website\"},\"datePublished\":\"2021-04-19T14:36:36+00:00\",\"dateModified\":\"2025-09-25T08:20:32+00:00\",\"breadcrumb\":{\"@id\":\"https:\\\/\\\/bofestconsult.com\\\/en\\\/imprint\\\/#breadcrumb\"},\"inLanguage\":\"en-US\",\"potentialAction\":[{\"@type\":\"ReadAction\",\"target\":[\"https:\\\/\\\/bofestconsult.com\\\/en\\\/imprint\\\/\"]}]},{\"@type\":\"BreadcrumbList\",\"@id\":\"https:\\\/\\\/bofestconsult.com\\\/en\\\/imprint\\\/#breadcrumb\",\"itemListElement\":[{\"@type\":\"ListItem\",\"position\":1,\"name\":\"Startseite\",\"item\":\"https:\\\/\\\/bofestconsult.com\\\/en\\\/\"},{\"@type\":\"ListItem\",\"position\":2,\"name\":\"Imprint\"}]},{\"@type\":\"WebSite\",\"@id\":\"https:\\\/\\\/bofestconsult.com\\\/en\\\/#website\",\"url\":\"https:\\\/\\\/bofestconsult.com\\\/en\\\/\",\"name\":\"bofest consult\",\"description\":\"unabh&Atilde;&fnof;&Acirc;&curren;ngige Unternehmensberatung\",\"publisher\":{\"@id\":\"https:\\\/\\\/bofestconsult.com\\\/en\\\/#organization\"},\"potentialAction\":[{\"@type\":\"SearchAction\",\"target\":{\"@type\":\"EntryPoint\",\"urlTemplate\":\"https:\\\/\\\/bofestconsult.com\\\/en\\\/?s={search_term_string}\"},\"query-input\":{\"@type\":\"PropertyValueSpecification\",\"valueRequired\":true,\"valueName\":\"search_term_string\"}}],\"inLanguage\":\"en-US\"},{\"@type\":\"Organization\",\"@id\":\"https:\\\/\\\/bofestconsult.com\\\/en\\\/#organization\",\"name\":\"bofest consult\",\"url\":\"https:\\\/\\\/bofestconsult.com\\\/en\\\/\",\"logo\":{\"@type\":\"ImageObject\",\"inLanguage\":\"en-US\",\"@id\":\"https:\\\/\\\/bofestconsult.com\\\/en\\\/#\\\/schema\\\/logo\\\/image\\\/\",\"url\":\"https:\\\/\\\/bofestconsult.com\\\/wp-content\\\/uploads\\\/2021\\\/11\\\/bc_Logo_transparent_white.png\",\"contentUrl\":\"https:\\\/\\\/bofestconsult.com\\\/wp-content\\\/uploads\\\/2021\\\/11\\\/bc_Logo_transparent_white.png\",\"width\":567,\"height\":126,\"caption\":\"bofest consult\"},\"image\":{\"@id\":\"https:\\\/\\\/bofestconsult.com\\\/en\\\/#\\\/schema\\\/logo\\\/image\\\/\"}}]}<\/script>\n<!-- \/ Yoast SEO plugin. -->","yoast_head_json":{"title":"Imprint - bofest consult","robots":{"index":"index","follow":"follow","max-snippet":"max-snippet:-1","max-image-preview":"max-image-preview:large","max-video-preview":"max-video-preview:-1"},"canonical":"https:\/\/bofestconsult.com\/en\/imprint\/","og_locale":"en_US","og_type":"article","og_title":"Imprint - bofest consult","og_description":"Company information. Imprint \u2013 bofest consult GmbH Company bofest consult GmbHCommercial register number: HRB 44295District Court of D\u00fcsseldorfVAT ID: DE212735287 Managing Directors Dr.-Ing. Dana Yma FaulenbachChristoph KloidtJan PohlDr. Benedikt Dahlmann D\u00fcsseldorf headquarters Peter-M\u00fcller-Stra\u00dfe 2640468 D\u00fcsseldorf, GermanyPhone: +49 (0) 211 \u2022 545 591 70Fax: +49 (0) 2102 \u2022 770 89 20Email:&nbsp;&nbsp;info@bofestconsult.com Berlin branch Schl\u00fcterstra\u00dfe 39D-10629 Berlin, [&hellip;]","og_url":"https:\/\/bofestconsult.com\/en\/imprint\/","og_site_name":"bofest consult","article_modified_time":"2025-09-25T08:20:32+00:00","twitter_card":"summary_large_image","twitter_misc":{"Est. reading time":"2 minutes"},"schema":{"@context":"https:\/\/schema.org","@graph":[{"@type":"WebPage","@id":"https:\/\/bofestconsult.com\/en\/imprint\/","url":"https:\/\/bofestconsult.com\/en\/imprint\/","name":"Imprint - bofest consult","isPartOf":{"@id":"https:\/\/bofestconsult.com\/en\/#website"},"datePublished":"2021-04-19T14:36:36+00:00","dateModified":"2025-09-25T08:20:32+00:00","breadcrumb":{"@id":"https:\/\/bofestconsult.com\/en\/imprint\/#breadcrumb"},"inLanguage":"en-US","potentialAction":[{"@type":"ReadAction","target":["https:\/\/bofestconsult.com\/en\/imprint\/"]}]},{"@type":"BreadcrumbList","@id":"https:\/\/bofestconsult.com\/en\/imprint\/#breadcrumb","itemListElement":[{"@type":"ListItem","position":1,"name":"Startseite","item":"https:\/\/bofestconsult.com\/en\/"},{"@type":"ListItem","position":2,"name":"Imprint"}]},{"@type":"WebSite","@id":"https:\/\/bofestconsult.com\/en\/#website","url":"https:\/\/bofestconsult.com\/en\/","name":"bofest consult","description":"unabh&Atilde;&fnof;&Acirc;&curren;ngige Unternehmensberatung","publisher":{"@id":"https:\/\/bofestconsult.com\/en\/#organization"},"potentialAction":[{"@type":"SearchAction","target":{"@type":"EntryPoint","urlTemplate":"https:\/\/bofestconsult.com\/en\/?s={search_term_string}"},"query-input":{"@type":"PropertyValueSpecification","valueRequired":true,"valueName":"search_term_string"}}],"inLanguage":"en-US"},{"@type":"Organization","@id":"https:\/\/bofestconsult.com\/en\/#organization","name":"bofest consult","url":"https:\/\/bofestconsult.com\/en\/","logo":{"@type":"ImageObject","inLanguage":"en-US","@id":"https:\/\/bofestconsult.com\/en\/#\/schema\/logo\/image\/","url":"https:\/\/bofestconsult.com\/wp-content\/uploads\/2021\/11\/bc_Logo_transparent_white.png","contentUrl":"https:\/\/bofestconsult.com\/wp-content\/uploads\/2021\/11\/bc_Logo_transparent_white.png","width":567,"height":126,"caption":"bofest consult"},"image":{"@id":"https:\/\/bofestconsult.com\/en\/#\/schema\/logo\/image\/"}}]}},"_links":{"self":[{"href":"https:\/\/bofestconsult.com\/en\/wp-json\/wp\/v2\/pages\/8100","targetHints":{"allow":["GET"]}}],"collection":[{"href":"https:\/\/bofestconsult.com\/en\/wp-json\/wp\/v2\/pages"}],"about":[{"href":"https:\/\/bofestconsult.com\/en\/wp-json\/wp\/v2\/types\/page"}],"author":[{"embeddable":true,"href":"https:\/\/bofestconsult.com\/en\/wp-json\/wp\/v2\/users\/7"}],"replies":[{"embeddable":true,"href":"https:\/\/bofestconsult.com\/en\/wp-json\/wp\/v2\/comments?post=8100"}],"version-history":[{"count":10,"href":"https:\/\/bofestconsult.com\/en\/wp-json\/wp\/v2\/pages\/8100\/revisions"}],"predecessor-version":[{"id":16117,"href":"https:\/\/bofestconsult.com\/en\/wp-json\/wp\/v2\/pages\/8100\/revisions\/16117"}],"wp:attachment":[{"href":"https:\/\/bofestconsult.com\/en\/wp-json\/wp\/v2\/media?parent=8100"}],"curies":[{"name":"wp","href":"https:\/\/api.w.org\/{rel}","templated":true}]}}